{"id":13478,"date":"2024-11-11T14:15:36","date_gmt":"2024-11-11T17:15:36","guid":{"rendered":"http:\/\/multifacilservicos.com.br\/?page_id=13478"},"modified":"2024-11-11T14:19:53","modified_gmt":"2024-11-11T17:19:53","slug":"homologacao-de-projetos-solar-fotovoltaico","status":"publish","type":"page","link":"https:\/\/multifacilservicos.com.br\/?page_id=13478","title":{"rendered":"HOMOLOGA\u00c7\u00c3O\u00a0DE PROJETOS\u00a0SOLAR FOTOVOLTAICO"},"content":{"rendered":"\t\t<div data-elementor-type=\"wp-page\" data-elementor-id=\"13478\" class=\"elementor elementor-13478\" data-elementor-settings=\"[]\">\n\t\t\t<div class=\"elementor-inner\">\n\t\t\t\t<div class=\"elementor-section-wrap\">\n\t\t\t\t\t\t\t<section class=\"elementor-element elementor-element-51fceaf elementor-section-boxed elementor-section-height-default elementor-section-height-default elementor-section elementor-top-section\" data-id=\"51fceaf\" data-element_type=\"section\">\n\t\t\t\t\t\t<div class=\"elementor-container elementor-column-gap-default\">\n\t\t\t\t<div class=\"elementor-row\">\n\t\t\t\t<div class=\"elementor-element elementor-element-9748261 elementor-column elementor-col-50 elementor-top-column\" data-id=\"9748261\" data-element_type=\"column\">\n\t\t\t<div class=\"elementor-column-wrap  elementor-element-populated\">\n\t\t\t\t\t<div class=\"elementor-widget-wrap\">\n\t\t\t\t<div class=\"elementor-element elementor-element-23dd371 elementor-widget elementor-widget-heading\" data-id=\"23dd371\" data-element_type=\"widget\" data-widget_type=\"heading.default\">\n\t\t\t\t<div class=\"elementor-widget-container\">\n\t\t\t<h1 class=\"elementor-heading-title elementor-size-default\">Homologa\u00e7\u00e3o de Projetos Solar Fotovoltaico<\/h1>\t\t<\/div>\n\t\t\t\t<\/div>\n\t\t\t\t<div class=\"elementor-element elementor-element-551f7a7 elementor-widget elementor-widget-image\" data-id=\"551f7a7\" data-element_type=\"widget\" data-widget_type=\"image.default\">\n\t\t\t\t<div class=\"elementor-widget-container\">\n\t\t\t\t\t<div class=\"elementor-image\">\n\t\t\t\t\t\t\t\t\t\t<img loading=\"lazy\" decoding=\"async\" width=\"300\" height=\"196\" src=\"https:\/\/multifacilservicos.com.br\/wp-content\/uploads\/2024\/11\/electrical-engineer-with-businessman-handshake-agr-2023-11-27-04-55-04-utc-300x196.jpg\" class=\"attachment-medium size-medium\" alt=\"\" srcset=\"https:\/\/multifacilservicos.com.br\/wp-content\/uploads\/2024\/11\/electrical-engineer-with-businessman-handshake-agr-2023-11-27-04-55-04-utc-300x196.jpg 300w, https:\/\/multifacilservicos.com.br\/wp-content\/uploads\/2024\/11\/electrical-engineer-with-businessman-handshake-agr-2023-11-27-04-55-04-utc-768x502.jpg 768w, https:\/\/multifacilservicos.com.br\/wp-content\/uploads\/2024\/11\/electrical-engineer-with-businessman-handshake-agr-2023-11-27-04-55-04-utc-1024x670.jpg 1024w\" sizes=\"auto, (max-width: 300px) 100vw, 300px\" \/>\t\t\t\t\t\t\t\t\t\t\t<\/div>\n\t\t\t\t<\/div>\n\t\t\t\t<\/div>\n\t\t\t\t\t\t<\/div>\n\t\t\t<\/div>\n\t\t<\/div>\n\t\t\t\t<div class=\"elementor-element elementor-element-e3073f4 elementor-column elementor-col-50 elementor-top-column\" data-id=\"e3073f4\" data-element_type=\"column\">\n\t\t\t<div class=\"elementor-column-wrap  elementor-element-populated\">\n\t\t\t\t\t<div class=\"elementor-widget-wrap\">\n\t\t\t\t<div class=\"elementor-element elementor-element-e7ad7b4 elementor-widget elementor-widget-text-editor\" data-id=\"e7ad7b4\" data-element_type=\"widget\" data-widget_type=\"text-editor.default\">\n\t\t\t\t<div class=\"elementor-widget-container\">\n\t\t\t\t\t<div class=\"elementor-text-editor elementor-clearfix\"><p><span>Realizamos a homologa\u00e7\u00e3o de projetos solares fotovoltaicos, garantindo que todo o processo de instala\u00e7\u00e3o atenda \u00e0s regulamenta\u00e7\u00f5es e requisitos das especifica\u00e7\u00f5es de energia. A Multi F\u00e1cil cuida de cada etapa, desde a documenta\u00e7\u00e3o at\u00e9 a aprova\u00e7\u00e3o final, para que voc\u00ea possa aproveitar os benef\u00edcios da energia solar de maneira segura e em conformidade com a legisla\u00e7\u00e3o vigente.<\/span><\/p><\/div>\n\t\t\t\t<\/div>\n\t\t\t\t<\/div>\n\t\t\t\t\t\t<\/div>\n\t\t\t<\/div>\n\t\t<\/div>\n\t\t\t\t\t\t<\/div>\n\t\t\t<\/div>\n\t\t<\/section>\n\t\t\t\t<section class=\"elementor-element elementor-element-433c71f elementor-section-boxed elementor-section-height-default elementor-section-height-default elementor-section elementor-top-section\" data-id=\"433c71f\" data-element_type=\"section\">\n\t\t\t\t\t\t<div class=\"elementor-container elementor-column-gap-default\">\n\t\t\t\t<div class=\"elementor-row\">\n\t\t\t\t<div class=\"elementor-element elementor-element-4a93d6d elementor-column elementor-col-100 elementor-top-column\" data-id=\"4a93d6d\" data-element_type=\"column\">\n\t\t\t<div class=\"elementor-column-wrap  elementor-element-populated\">\n\t\t\t\t\t<div class=\"elementor-widget-wrap\">\n\t\t\t\t<div class=\"elementor-element elementor-element-7c630df elementor-widget elementor-widget-heading\" data-id=\"7c630df\" data-element_type=\"widget\" data-widget_type=\"heading.default\">\n\t\t\t\t<div class=\"elementor-widget-container\">\n\t\t\t<h2 class=\"elementor-heading-title elementor-size-default\">INSTALA\u00c7\u00c3O\/MANUTEN\u00c7\u00c3O<\/h2>\t\t<\/div>\n\t\t\t\t<\/div>\n\t\t\t\t\t\t<\/div>\n\t\t\t<\/div>\n\t\t<\/div>\n\t\t\t\t\t\t<\/div>\n\t\t\t<\/div>\n\t\t<\/section>\n\t\t\t\t<section class=\"elementor-element elementor-element-ec27d37 elementor-section-boxed elementor-section-height-default elementor-section-height-default elementor-section elementor-top-section\" data-id=\"ec27d37\" data-element_type=\"section\">\n\t\t\t\t\t\t<div class=\"elementor-container elementor-column-gap-default\">\n\t\t\t\t<div class=\"elementor-row\">\n\t\t\t\t<div class=\"elementor-element elementor-element-e772144 elementor-column elementor-col-50 elementor-top-column\" data-id=\"e772144\" data-element_type=\"column\">\n\t\t\t<div class=\"elementor-column-wrap  elementor-element-populated\">\n\t\t\t\t\t<div class=\"elementor-widget-wrap\">\n\t\t\t\t<div class=\"elementor-element elementor-element-22e534b elementor-widget elementor-widget-heading\" data-id=\"22e534b\" data-element_type=\"widget\" data-widget_type=\"heading.default\">\n\t\t\t\t<div class=\"elementor-widget-container\">\n\t\t\t<h2 class=\"elementor-heading-title elementor-size-default\">INSTALA\u00c7\u00c3O<\/h2>\t\t<\/div>\n\t\t\t\t<\/div>\n\t\t\t\t<div class=\"elementor-element elementor-element-ab37f70 elementor-widget elementor-widget-text-editor\" data-id=\"ab37f70\" data-element_type=\"widget\" data-widget_type=\"text-editor.default\">\n\t\t\t\t<div class=\"elementor-widget-container\">\n\t\t\t\t\t<div class=\"elementor-text-editor elementor-clearfix\"><p><span style=\"color: #000000;\">N\u00f3s fazemos toda a instala\u00e7\u00e3o do ar condicionado em sua resid\u00eancia ou empresa. Seguimos normas t\u00e9cnicas para que desde o come\u00e7o o aparelho desempenhe toda sua capacidade e n\u00e3o apresente problemas.<\/span><\/p><\/div>\n\t\t\t\t<\/div>\n\t\t\t\t<\/div>\n\t\t\t\t\t\t<\/div>\n\t\t\t<\/div>\n\t\t<\/div>\n\t\t\t\t<div class=\"elementor-element elementor-element-2588a54 elementor-column elementor-col-50 elementor-top-column\" data-id=\"2588a54\" data-element_type=\"column\">\n\t\t\t<div class=\"elementor-column-wrap  elementor-element-populated\">\n\t\t\t\t\t<div class=\"elementor-widget-wrap\">\n\t\t\t\t<div class=\"elementor-element elementor-element-42355f2 elementor-widget elementor-widget-heading\" data-id=\"42355f2\" data-element_type=\"widget\" data-widget_type=\"heading.default\">\n\t\t\t\t<div class=\"elementor-widget-container\">\n\t\t\t<h2 class=\"elementor-heading-title elementor-size-default\">MANUTEN\u00c7\u00c3O<\/h2>\t\t<\/div>\n\t\t\t\t<\/div>\n\t\t\t\t<div class=\"elementor-element elementor-element-0371010 elementor-widget elementor-widget-text-editor\" data-id=\"0371010\" data-element_type=\"widget\" data-widget_type=\"text-editor.default\">\n\t\t\t\t<div class=\"elementor-widget-container\">\n\t\t\t\t\t<div class=\"elementor-text-editor elementor-clearfix\"><p><span style=\"color: #000000;\">A falta de manuten\u00e7\u00e3o pode causar danos \u00e0 m\u00e1quina, gasto excessivo de energia ou at\u00e9 contamina\u00e7\u00e3o do ar, n\u00f3s fazemos um rastreamento na m\u00e1quina para encontrar o problema e soluciona-lo.<\/span><\/p><\/div>\n\t\t\t\t<\/div>\n\t\t\t\t<\/div>\n\t\t\t\t\t\t<\/div>\n\t\t\t<\/div>\n\t\t<\/div>\n\t\t\t\t\t\t<\/div>\n\t\t\t<\/div>\n\t\t<\/section>\n\t\t\t\t\t\t<\/div>\n\t\t\t<\/div>\n\t\t<\/div>\n\t\t","protected":false},"excerpt":{"rendered":"<p>Homologa\u00e7\u00e3o de Projetos Solar Fotovoltaico Realizamos a homologa\u00e7\u00e3o de projetos solares fotovoltaicos, garantindo que todo o processo de instala\u00e7\u00e3o atenda \u00e0s regulamenta\u00e7\u00f5es e requisitos das especifica\u00e7\u00f5es de energia. A Multi F\u00e1cil cuida de cada etapa, desde a documenta\u00e7\u00e3o at\u00e9 a aprova\u00e7\u00e3o final, para que voc\u00ea possa aproveitar os benef\u00edcios da energia solar de maneira segura &#8230; <a title=\"HOMOLOGA\u00c7\u00c3O\u00a0DE PROJETOS\u00a0SOLAR FOTOVOLTAICO\" class=\"read-more\" href=\"https:\/\/multifacilservicos.com.br\/?page_id=13478\">Ler mais&#8230;<\/a><\/p>\n","protected":false},"author":3,"featured_media":0,"parent":0,"menu_order":0,"comment_status":"closed","ping_status":"closed","template":"elementor_header_footer","meta":{"_joinchat":[],"footnotes":""},"class_list":["post-13478","page","type-page","status-publish"],"_links":{"self":[{"href":"https:\/\/multifacilservicos.com.br\/index.php?rest_route=\/wp\/v2\/pages\/13478","targetHints":{"allow":["GET"]}}],"collection":[{"href":"https:\/\/multifacilservicos.com.br\/index.php?rest_route=\/wp\/v2\/pages"}],"about":[{"href":"https:\/\/multifacilservicos.com.br\/index.php?rest_route=\/wp\/v2\/types\/page"}],"author":[{"embeddable":true,"href":"https:\/\/multifacilservicos.com.br\/index.php?rest_route=\/wp\/v2\/users\/3"}],"replies":[{"embeddable":true,"href":"https:\/\/multifacilservicos.com.br\/index.php?rest_route=%2Fwp%2Fv2%2Fcomments&post=13478"}],"version-history":[{"count":2,"href":"https:\/\/multifacilservicos.com.br\/index.php?rest_route=\/wp\/v2\/pages\/13478\/revisions"}],"predecessor-version":[{"id":13482,"href":"https:\/\/multifacilservicos.com.br\/index.php?rest_route=\/wp\/v2\/pages\/13478\/revisions\/13482"}],"wp:attachment":[{"href":"https:\/\/multifacilservicos.com.br\/index.php?rest_route=%2Fwp%2Fv2%2Fmedia&parent=13478"}],"curies":[{"name":"wp","href":"https:\/\/api.w.org\/{rel}","templated":true}]}}