{"id":13411,"date":"2020-06-07T23:11:25","date_gmt":"2020-06-08T02:11:25","guid":{"rendered":"http:\/\/multifacilservicos.com.br\/?page_id=13411"},"modified":"2025-07-01T12:58:30","modified_gmt":"2025-07-01T15:58:30","slug":"contato","status":"publish","type":"page","link":"https:\/\/multifacilservicos.com.br\/?page_id=13411","title":{"rendered":"CONTATO"},"content":{"rendered":"\t\t<div data-elementor-type=\"wp-page\" data-elementor-id=\"13411\" class=\"elementor elementor-13411\" data-elementor-settings=\"[]\">\n\t\t\t<div class=\"elementor-inner\">\n\t\t\t\t<div class=\"elementor-section-wrap\">\n\t\t\t\t\t\t\t<section class=\"elementor-element elementor-element-2c7bb3c elementor-section-boxed elementor-section-height-default elementor-section-height-default elementor-section elementor-top-section\" data-id=\"2c7bb3c\" data-element_type=\"section\">\n\t\t\t\t\t\t<div class=\"elementor-container elementor-column-gap-default\">\n\t\t\t\t<div class=\"elementor-row\">\n\t\t\t\t<div class=\"elementor-element elementor-element-02374ac elementor-column elementor-col-100 elementor-top-column\" data-id=\"02374ac\" data-element_type=\"column\">\n\t\t\t<div class=\"elementor-column-wrap  elementor-element-populated\">\n\t\t\t\t\t<div class=\"elementor-widget-wrap\">\n\t\t\t\t<div class=\"elementor-element elementor-element-082c7ac elementor-widget elementor-widget-heading\" data-id=\"082c7ac\" data-element_type=\"widget\" data-widget_type=\"heading.default\">\n\t\t\t\t<div class=\"elementor-widget-container\">\n\t\t\t<h2 class=\"elementor-heading-title elementor-size-default\">MULTI F\u00c1CIL Contatos:<\/h2>\t\t<\/div>\n\t\t\t\t<\/div>\n\t\t\t\t\t\t<\/div>\n\t\t\t<\/div>\n\t\t<\/div>\n\t\t\t\t\t\t<\/div>\n\t\t\t<\/div>\n\t\t<\/section>\n\t\t\t\t<section class=\"elementor-element elementor-element-066b3de elementor-section-boxed elementor-section-height-default elementor-section-height-default elementor-section elementor-top-section\" data-id=\"066b3de\" data-element_type=\"section\">\n\t\t\t\t\t\t<div class=\"elementor-container elementor-column-gap-default\">\n\t\t\t\t<div class=\"elementor-row\">\n\t\t\t\t<div class=\"elementor-element elementor-element-80aa17b elementor-column elementor-col-50 elementor-top-column\" data-id=\"80aa17b\" data-element_type=\"column\">\n\t\t\t<div class=\"elementor-column-wrap  elementor-element-populated\">\n\t\t\t\t\t<div class=\"elementor-widget-wrap\">\n\t\t\t\t<div class=\"elementor-element elementor-element-6fed718 elementor-widget elementor-widget-heading\" data-id=\"6fed718\" data-element_type=\"widget\" data-widget_type=\"heading.default\">\n\t\t\t\t<div class=\"elementor-widget-container\">\n\t\t\t<h2 class=\"elementor-heading-title elementor-size-default\">Celular:<\/h2>\t\t<\/div>\n\t\t\t\t<\/div>\n\t\t\t\t<div class=\"elementor-element elementor-element-2386162 elementor-widget elementor-widget-text-editor\" data-id=\"2386162\" data-element_type=\"widget\" data-widget_type=\"text-editor.default\">\n\t\t\t\t<div class=\"elementor-widget-container\">\n\t\t\t\t\t<div class=\"elementor-text-editor elementor-clearfix\"><strong>(45) 9 88154198\n<\/strong><\/div>\n\t\t\t\t<\/div>\n\t\t\t\t<\/div>\n\t\t\t\t<div class=\"elementor-element elementor-element-ded85bb elementor-widget elementor-widget-heading\" data-id=\"ded85bb\" data-element_type=\"widget\" data-widget_type=\"heading.default\">\n\t\t\t\t<div class=\"elementor-widget-container\">\n\t\t\t<h2 class=\"elementor-heading-title elementor-size-default\">Email:<\/h2>\t\t<\/div>\n\t\t\t\t<\/div>\n\t\t\t\t<div class=\"elementor-element elementor-element-28fffb5 elementor-widget elementor-widget-text-editor\" data-id=\"28fffb5\" data-element_type=\"widget\" data-widget_type=\"text-editor.default\">\n\t\t\t\t<div class=\"elementor-widget-container\">\n\t\t\t\t\t<div class=\"elementor-text-editor elementor-clearfix\"><p><span style=\"color: #000000;\">atendimentomfs@gmail.com<\/span><\/p><\/div>\n\t\t\t\t<\/div>\n\t\t\t\t<\/div>\n\t\t\t\t\t\t<\/div>\n\t\t\t<\/div>\n\t\t<\/div>\n\t\t\t\t<div class=\"elementor-element elementor-element-4b4a259 elementor-column elementor-col-50 elementor-top-column\" data-id=\"4b4a259\" data-element_type=\"column\">\n\t\t\t<div class=\"elementor-column-wrap  elementor-element-populated\">\n\t\t\t\t\t<div class=\"elementor-widget-wrap\">\n\t\t\t\t<div class=\"elementor-element elementor-element-848002e elementor-widget elementor-widget-google_maps\" data-id=\"848002e\" data-element_type=\"widget\" data-widget_type=\"google_maps.default\">\n\t\t\t\t<div class=\"elementor-widget-container\">\n\t\t\t<div class=\"elementor-custom-embed\"><iframe frameborder=\"0\" scrolling=\"no\" marginheight=\"0\" marginwidth=\"0\" src=\"https:\/\/maps.google.com\/maps?q=Rua%20Capanema%20631%20S%C3%A3o%20Crist%C3%B3v%C3%A3o%20%20Cascavel%20Paran%C3%A1%20&amp;t=m&amp;z=15&amp;output=embed&amp;iwloc=near\" aria-label=\"Rua Capanema 631 S\u00e3o Crist\u00f3v\u00e3o  Cascavel Paran\u00e1 \"><\/iframe><\/div>\t\t<\/div>\n\t\t\t\t<\/div>\n\t\t\t\t\t\t<\/div>\n\t\t\t<\/div>\n\t\t<\/div>\n\t\t\t\t\t\t<\/div>\n\t\t\t<\/div>\n\t\t<\/section>\n\t\t\t\t\t\t<\/div>\n\t\t\t<\/div>\n\t\t<\/div>\n\t\t","protected":false},"excerpt":{"rendered":"<p>MULTI F\u00c1CIL Contatos: Celular: (45) 9 88154198 Email: atendimentomfs@gmail.com<\/p>\n","protected":false},"author":1,"featured_media":0,"parent":0,"menu_order":0,"comment_status":"closed","ping_status":"closed","template":"elementor_header_footer","meta":{"_joinchat":[],"footnotes":""},"class_list":["post-13411","page","type-page","status-publish"],"_links":{"self":[{"href":"https:\/\/multifacilservicos.com.br\/index.php?rest_route=\/wp\/v2\/pages\/13411","targetHints":{"allow":["GET"]}}],"collection":[{"href":"https:\/\/multifacilservicos.com.br\/index.php?rest_route=\/wp\/v2\/pages"}],"about":[{"href":"https:\/\/multifacilservicos.com.br\/index.php?rest_route=\/wp\/v2\/types\/page"}],"author":[{"embeddable":true,"href":"https:\/\/multifacilservicos.com.br\/index.php?rest_route=\/wp\/v2\/users\/1"}],"replies":[{"embeddable":true,"href":"https:\/\/multifacilservicos.com.br\/index.php?rest_route=%2Fwp%2Fv2%2Fcomments&post=13411"}],"version-history":[{"count":6,"href":"https:\/\/multifacilservicos.com.br\/index.php?rest_route=\/wp\/v2\/pages\/13411\/revisions"}],"predecessor-version":[{"id":13523,"href":"https:\/\/multifacilservicos.com.br\/index.php?rest_route=\/wp\/v2\/pages\/13411\/revisions\/13523"}],"wp:attachment":[{"href":"https:\/\/multifacilservicos.com.br\/index.php?rest_route=%2Fwp%2Fv2%2Fmedia&parent=13411"}],"curies":[{"name":"wp","href":"https:\/\/api.w.org\/{rel}","templated":true}]}}