{"id":13408,"date":"2020-06-07T22:55:44","date_gmt":"2020-06-08T01:55:44","guid":{"rendered":"http:\/\/multifacilservicos.com.br\/?page_id=13408"},"modified":"2025-09-15T22:10:58","modified_gmt":"2025-09-16T01:10:58","slug":"telefonia-predial","status":"publish","type":"page","link":"https:\/\/multifacilservicos.com.br\/?page_id=13408","title":{"rendered":"TELEFONIA E INTERFONIA"},"content":{"rendered":"\t\t<div data-elementor-type=\"wp-page\" data-elementor-id=\"13408\" class=\"elementor elementor-13408\" data-elementor-settings=\"[]\">\n\t\t\t<div class=\"elementor-inner\">\n\t\t\t\t<div class=\"elementor-section-wrap\">\n\t\t\t\t\t\t\t<section class=\"elementor-element elementor-element-51fceaf elementor-section-boxed elementor-section-height-default elementor-section-height-default elementor-section elementor-top-section\" data-id=\"51fceaf\" data-element_type=\"section\">\n\t\t\t\t\t\t<div class=\"elementor-container elementor-column-gap-default\">\n\t\t\t\t<div class=\"elementor-row\">\n\t\t\t\t<div class=\"elementor-element elementor-element-9748261 elementor-column elementor-col-50 elementor-top-column\" data-id=\"9748261\" data-element_type=\"column\">\n\t\t\t<div class=\"elementor-column-wrap  elementor-element-populated\">\n\t\t\t\t\t<div class=\"elementor-widget-wrap\">\n\t\t\t\t<div class=\"elementor-element elementor-element-23dd371 elementor-widget elementor-widget-heading\" data-id=\"23dd371\" data-element_type=\"widget\" data-widget_type=\"heading.default\">\n\t\t\t\t<div class=\"elementor-widget-container\">\n\t\t\t<h1 class=\"elementor-heading-title elementor-size-default\">TELEFONIA E INTERFONIA<\/h1>\t\t<\/div>\n\t\t\t\t<\/div>\n\t\t\t\t<div class=\"elementor-element elementor-element-551f7a7 elementor-widget elementor-widget-image\" data-id=\"551f7a7\" data-element_type=\"widget\" data-widget_type=\"image.default\">\n\t\t\t\t<div class=\"elementor-widget-container\">\n\t\t\t\t\t<div class=\"elementor-image\">\n\t\t\t\t\t\t\t\t\t\t<img loading=\"lazy\" decoding=\"async\" width=\"300\" height=\"225\" src=\"https:\/\/multifacilservicos.com.br\/wp-content\/uploads\/2020\/06\/image29-300x225.png\" class=\"attachment-medium size-medium\" alt=\"\" srcset=\"https:\/\/multifacilservicos.com.br\/wp-content\/uploads\/2020\/06\/image29-300x225.png 300w, https:\/\/multifacilservicos.com.br\/wp-content\/uploads\/2020\/06\/image29-768x576.png 768w, https:\/\/multifacilservicos.com.br\/wp-content\/uploads\/2020\/06\/image29.png 933w\" sizes=\"auto, (max-width: 300px) 100vw, 300px\" \/>\t\t\t\t\t\t\t\t\t\t\t<\/div>\n\t\t\t\t<\/div>\n\t\t\t\t<\/div>\n\t\t\t\t\t\t<\/div>\n\t\t\t<\/div>\n\t\t<\/div>\n\t\t\t\t<div class=\"elementor-element elementor-element-e3073f4 elementor-column elementor-col-50 elementor-top-column\" data-id=\"e3073f4\" data-element_type=\"column\">\n\t\t\t<div class=\"elementor-column-wrap  elementor-element-populated\">\n\t\t\t\t\t<div class=\"elementor-widget-wrap\">\n\t\t\t\t<div class=\"elementor-element elementor-element-e7ad7b4 elementor-widget elementor-widget-text-editor\" data-id=\"e7ad7b4\" data-element_type=\"widget\" data-widget_type=\"text-editor.default\">\n\t\t\t\t<div class=\"elementor-widget-container\">\n\t\t\t\t\t<div class=\"elementor-text-editor elementor-clearfix\"><p>A Multi F\u00e1cil cuida do sistema el\u00e9trico, seguran\u00e7a, comunica\u00e7\u00e3o e climatiza\u00e7\u00e3o de edif\u00edcios. Mantendo a ordem e conforto em pr\u00e9dios e condom\u00ednios residenciais e comerciais.<\/p><\/div>\n\t\t\t\t<\/div>\n\t\t\t\t<\/div>\n\t\t\t\t\t\t<\/div>\n\t\t\t<\/div>\n\t\t<\/div>\n\t\t\t\t\t\t<\/div>\n\t\t\t<\/div>\n\t\t<\/section>\n\t\t\t\t<section class=\"elementor-element elementor-element-433c71f elementor-section-boxed elementor-section-height-default elementor-section-height-default elementor-section elementor-top-section\" data-id=\"433c71f\" data-element_type=\"section\">\n\t\t\t\t\t\t<div class=\"elementor-container elementor-column-gap-default\">\n\t\t\t\t<div class=\"elementor-row\">\n\t\t\t\t<div class=\"elementor-element elementor-element-4a93d6d elementor-column elementor-col-100 elementor-top-column\" data-id=\"4a93d6d\" data-element_type=\"column\">\n\t\t\t<div class=\"elementor-column-wrap  elementor-element-populated\">\n\t\t\t\t\t<div class=\"elementor-widget-wrap\">\n\t\t\t\t<div class=\"elementor-element elementor-element-7c630df elementor-widget elementor-widget-heading\" data-id=\"7c630df\" data-element_type=\"widget\" data-widget_type=\"heading.default\">\n\t\t\t\t<div class=\"elementor-widget-container\">\n\t\t\t<h2 class=\"elementor-heading-title elementor-size-default\">TELEFONIA E INTERFONIA PREDIAL\/CONDOMINIAL <\/h2>\t\t<\/div>\n\t\t\t\t<\/div>\n\t\t\t\t\t\t<\/div>\n\t\t\t<\/div>\n\t\t<\/div>\n\t\t\t\t\t\t<\/div>\n\t\t\t<\/div>\n\t\t<\/section>\n\t\t\t\t<section class=\"elementor-element elementor-element-ec27d37 elementor-section-boxed elementor-section-height-default elementor-section-height-default elementor-section elementor-top-section\" data-id=\"ec27d37\" data-element_type=\"section\">\n\t\t\t\t\t\t<div class=\"elementor-container elementor-column-gap-default\">\n\t\t\t\t<div class=\"elementor-row\">\n\t\t\t\t<div class=\"elementor-element elementor-element-e772144 elementor-column elementor-col-50 elementor-top-column\" data-id=\"e772144\" data-element_type=\"column\">\n\t\t\t<div class=\"elementor-column-wrap  elementor-element-populated\">\n\t\t\t\t\t<div class=\"elementor-widget-wrap\">\n\t\t\t\t<div class=\"elementor-element elementor-element-22e534b elementor-widget elementor-widget-heading\" data-id=\"22e534b\" data-element_type=\"widget\" data-widget_type=\"heading.default\">\n\t\t\t\t<div class=\"elementor-widget-container\">\n\t\t\t<h2 class=\"elementor-heading-title elementor-size-default\">INSTALA\u00c7\u00c3O E MANUTEN\u00c7\u00c3O<\/h2>\t\t<\/div>\n\t\t\t\t<\/div>\n\t\t\t\t<div class=\"elementor-element elementor-element-ab37f70 elementor-widget elementor-widget-text-editor\" data-id=\"ab37f70\" data-element_type=\"widget\" data-widget_type=\"text-editor.default\">\n\t\t\t\t<div class=\"elementor-widget-container\">\n\t\t\t\t\t<div class=\"elementor-text-editor elementor-clearfix\"><p><span style=\"color: #000000;\">Em telefonia e interfonia predial\/condominial, n\u00f3s trabalhamos com a instala\u00e7\u00e3o e manuten\u00e7\u00e3o, mantendo a comunica\u00e7\u00e3o interna e externa em pleno funcionamento.<\/span><\/p><\/div>\n\t\t\t\t<\/div>\n\t\t\t\t<\/div>\n\t\t\t\t\t\t<\/div>\n\t\t\t<\/div>\n\t\t<\/div>\n\t\t\t\t<div class=\"elementor-element elementor-element-2588a54 elementor-column elementor-col-50 elementor-top-column\" data-id=\"2588a54\" data-element_type=\"column\">\n\t\t\t<div class=\"elementor-column-wrap  elementor-element-populated\">\n\t\t\t\t\t<div class=\"elementor-widget-wrap\">\n\t\t\t\t<div class=\"elementor-element elementor-element-42355f2 elementor-widget elementor-widget-heading\" data-id=\"42355f2\" data-element_type=\"widget\" data-widget_type=\"heading.default\">\n\t\t\t\t<div class=\"elementor-widget-container\">\n\t\t\t<h2 class=\"elementor-heading-title elementor-size-default\">VENDA DE APARELHOS<\/h2>\t\t<\/div>\n\t\t\t\t<\/div>\n\t\t\t\t<div class=\"elementor-element elementor-element-0371010 elementor-widget elementor-widget-text-editor\" data-id=\"0371010\" data-element_type=\"widget\" data-widget_type=\"text-editor.default\">\n\t\t\t\t<div class=\"elementor-widget-container\">\n\t\t\t\t\t<div class=\"elementor-text-editor elementor-clearfix\"><p><span style=\"color: #000000;\">Fornecemos aparelhos para a instala\u00e7\u00e3o ou manuten\u00e7\u00e3o da telefonia predial, com pre\u00e7o justo e qualidade garantida.<\/span><\/p><\/div>\n\t\t\t\t<\/div>\n\t\t\t\t<\/div>\n\t\t\t\t\t\t<\/div>\n\t\t\t<\/div>\n\t\t<\/div>\n\t\t\t\t\t\t<\/div>\n\t\t\t<\/div>\n\t\t<\/section>\n\t\t\t\t\t\t<\/div>\n\t\t\t<\/div>\n\t\t<\/div>\n\t\t","protected":false},"excerpt":{"rendered":"<p>TELEFONIA E INTERFONIA A Multi F\u00e1cil cuida do sistema el\u00e9trico, seguran\u00e7a, comunica\u00e7\u00e3o e climatiza\u00e7\u00e3o de edif\u00edcios. Mantendo a ordem e conforto em pr\u00e9dios e condom\u00ednios residenciais e comerciais. TELEFONIA E INTERFONIA PREDIAL\/CONDOMINIAL INSTALA\u00c7\u00c3O E MANUTEN\u00c7\u00c3O Em telefonia e interfonia predial\/condominial, n\u00f3s trabalhamos com a instala\u00e7\u00e3o e manuten\u00e7\u00e3o, mantendo a comunica\u00e7\u00e3o interna e externa em pleno &#8230; <a title=\"TELEFONIA E INTERFONIA\" class=\"read-more\" href=\"https:\/\/multifacilservicos.com.br\/?page_id=13408\">Ler mais&#8230;<\/a><\/p>\n","protected":false},"author":1,"featured_media":0,"parent":0,"menu_order":0,"comment_status":"closed","ping_status":"closed","template":"elementor_header_footer","meta":{"_joinchat":[],"footnotes":""},"class_list":["post-13408","page","type-page","status-publish"],"_links":{"self":[{"href":"https:\/\/multifacilservicos.com.br\/index.php?rest_route=\/wp\/v2\/pages\/13408","targetHints":{"allow":["GET"]}}],"collection":[{"href":"https:\/\/multifacilservicos.com.br\/index.php?rest_route=\/wp\/v2\/pages"}],"about":[{"href":"https:\/\/multifacilservicos.com.br\/index.php?rest_route=\/wp\/v2\/types\/page"}],"author":[{"embeddable":true,"href":"https:\/\/multifacilservicos.com.br\/index.php?rest_route=\/wp\/v2\/users\/1"}],"replies":[{"embeddable":true,"href":"https:\/\/multifacilservicos.com.br\/index.php?rest_route=%2Fwp%2Fv2%2Fcomments&post=13408"}],"version-history":[{"count":5,"href":"https:\/\/multifacilservicos.com.br\/index.php?rest_route=\/wp\/v2\/pages\/13408\/revisions"}],"predecessor-version":[{"id":13430,"href":"https:\/\/multifacilservicos.com.br\/index.php?rest_route=\/wp\/v2\/pages\/13408\/revisions\/13430"}],"wp:attachment":[{"href":"https:\/\/multifacilservicos.com.br\/index.php?rest_route=%2Fwp%2Fv2%2Fmedia&parent=13408"}],"curies":[{"name":"wp","href":"https:\/\/api.w.org\/{rel}","templated":true}]}}