{"id":13405,"date":"2020-06-07T22:44:07","date_gmt":"2020-06-08T01:44:07","guid":{"rendered":"http:\/\/multifacilservicos.com.br\/?page_id=13405"},"modified":"2021-11-05T11:44:31","modified_gmt":"2021-11-05T14:44:31","slug":"energia-solar","status":"publish","type":"page","link":"https:\/\/multifacilservicos.com.br\/?page_id=13405","title":{"rendered":"ENERGIA SOLAR"},"content":{"rendered":"\t\t<div data-elementor-type=\"wp-page\" data-elementor-id=\"13405\" class=\"elementor elementor-13405\" data-elementor-settings=\"[]\">\n\t\t\t<div class=\"elementor-inner\">\n\t\t\t\t<div class=\"elementor-section-wrap\">\n\t\t\t\t\t\t\t<section class=\"elementor-element elementor-element-51fceaf elementor-section-boxed elementor-section-height-default elementor-section-height-default elementor-section elementor-top-section\" data-id=\"51fceaf\" data-element_type=\"section\">\n\t\t\t\t\t\t<div class=\"elementor-container elementor-column-gap-default\">\n\t\t\t\t<div class=\"elementor-row\">\n\t\t\t\t<div class=\"elementor-element elementor-element-9748261 elementor-column elementor-col-50 elementor-top-column\" data-id=\"9748261\" data-element_type=\"column\">\n\t\t\t<div class=\"elementor-column-wrap  elementor-element-populated\">\n\t\t\t\t\t<div class=\"elementor-widget-wrap\">\n\t\t\t\t<div class=\"elementor-element elementor-element-23dd371 elementor-widget elementor-widget-heading\" data-id=\"23dd371\" data-element_type=\"widget\" data-widget_type=\"heading.default\">\n\t\t\t\t<div class=\"elementor-widget-container\">\n\t\t\t<h1 class=\"elementor-heading-title elementor-size-default\">Energia Solar<\/h1>\t\t<\/div>\n\t\t\t\t<\/div>\n\t\t\t\t<div class=\"elementor-element elementor-element-551f7a7 elementor-widget elementor-widget-image\" data-id=\"551f7a7\" data-element_type=\"widget\" data-widget_type=\"image.default\">\n\t\t\t\t<div class=\"elementor-widget-container\">\n\t\t\t\t\t<div class=\"elementor-image\">\n\t\t\t\t\t\t\t\t\t\t<img loading=\"lazy\" decoding=\"async\" width=\"300\" height=\"169\" src=\"https:\/\/multifacilservicos.com.br\/wp-content\/uploads\/2020\/01\/quanto-custa-para-instalar-energia-solar-300x169.jpg\" class=\"attachment-medium size-medium\" alt=\"\" srcset=\"https:\/\/multifacilservicos.com.br\/wp-content\/uploads\/2020\/01\/quanto-custa-para-instalar-energia-solar-300x169.jpg 300w, https:\/\/multifacilservicos.com.br\/wp-content\/uploads\/2020\/01\/quanto-custa-para-instalar-energia-solar-768x432.jpg 768w, https:\/\/multifacilservicos.com.br\/wp-content\/uploads\/2020\/01\/quanto-custa-para-instalar-energia-solar-200x113.jpg 200w, https:\/\/multifacilservicos.com.br\/wp-content\/uploads\/2020\/01\/quanto-custa-para-instalar-energia-solar-400x225.jpg 400w, https:\/\/multifacilservicos.com.br\/wp-content\/uploads\/2020\/01\/quanto-custa-para-instalar-energia-solar-600x338.jpg 600w, https:\/\/multifacilservicos.com.br\/wp-content\/uploads\/2020\/01\/quanto-custa-para-instalar-energia-solar-800x450.jpg 800w, https:\/\/multifacilservicos.com.br\/wp-content\/uploads\/2020\/01\/quanto-custa-para-instalar-energia-solar.jpg 940w\" sizes=\"auto, (max-width: 300px) 100vw, 300px\" \/>\t\t\t\t\t\t\t\t\t\t\t<\/div>\n\t\t\t\t<\/div>\n\t\t\t\t<\/div>\n\t\t\t\t\t\t<\/div>\n\t\t\t<\/div>\n\t\t<\/div>\n\t\t\t\t<div class=\"elementor-element elementor-element-e3073f4 elementor-column elementor-col-50 elementor-top-column\" data-id=\"e3073f4\" data-element_type=\"column\">\n\t\t\t<div class=\"elementor-column-wrap  elementor-element-populated\">\n\t\t\t\t\t<div class=\"elementor-widget-wrap\">\n\t\t\t\t<div class=\"elementor-element elementor-element-e7ad7b4 elementor-widget elementor-widget-text-editor\" data-id=\"e7ad7b4\" data-element_type=\"widget\" data-widget_type=\"text-editor.default\">\n\t\t\t\t<div class=\"elementor-widget-container\">\n\t\t\t\t\t<div class=\"elementor-text-editor elementor-clearfix\"><p>Com a instala\u00e7\u00e3o de pain\u00e9is para a capta\u00e7\u00e3o de energia solar, voc\u00ea economiza e contribui com o meio ambiente, investe na sua casa e consegue retorno do investimento no curto e longo prazo.<\/p><\/div>\n\t\t\t\t<\/div>\n\t\t\t\t<\/div>\n\t\t\t\t\t\t<\/div>\n\t\t\t<\/div>\n\t\t<\/div>\n\t\t\t\t\t\t<\/div>\n\t\t\t<\/div>\n\t\t<\/section>\n\t\t\t\t<section class=\"elementor-element elementor-element-433c71f elementor-section-boxed elementor-section-height-default elementor-section-height-default elementor-section elementor-top-section\" data-id=\"433c71f\" data-element_type=\"section\">\n\t\t\t\t\t\t<div class=\"elementor-container elementor-column-gap-default\">\n\t\t\t\t<div class=\"elementor-row\">\n\t\t\t\t<div class=\"elementor-element elementor-element-4a93d6d elementor-column elementor-col-100 elementor-top-column\" data-id=\"4a93d6d\" data-element_type=\"column\">\n\t\t\t<div class=\"elementor-column-wrap  elementor-element-populated\">\n\t\t\t\t\t<div class=\"elementor-widget-wrap\">\n\t\t\t\t<div class=\"elementor-element elementor-element-7c630df elementor-widget elementor-widget-heading\" data-id=\"7c630df\" data-element_type=\"widget\" data-widget_type=\"heading.default\">\n\t\t\t\t<div class=\"elementor-widget-container\">\n\t\t\t<h2 class=\"elementor-heading-title elementor-size-default\">Como trabalhamos:<\/h2>\t\t<\/div>\n\t\t\t\t<\/div>\n\t\t\t\t<div class=\"elementor-element elementor-element-ab37f70 elementor-widget elementor-widget-text-editor\" data-id=\"ab37f70\" data-element_type=\"widget\" data-widget_type=\"text-editor.default\">\n\t\t\t\t<div class=\"elementor-widget-container\">\n\t\t\t\t\t<div class=\"elementor-text-editor elementor-clearfix\"><p style=\"text-align: center;\">Primeiro fazemos uma consultoria para entender sua situa\u00e7\u00e3o e qual a melhor solu\u00e7\u00e3o para voc\u00ea. Elaboramos uma proposta sob medida e conversamos com voc\u00ea para poss\u00edvel negocia\u00e7\u00e3o e explica\u00e7\u00e3o do produto. Assim que aprovada a proposta, partimos para a instala\u00e7\u00e3o do equipamento.<\/p><\/div>\n\t\t\t\t<\/div>\n\t\t\t\t<\/div>\n\t\t\t\t\t\t<\/div>\n\t\t\t<\/div>\n\t\t<\/div>\n\t\t\t\t\t\t<\/div>\n\t\t\t<\/div>\n\t\t<\/section>\n\t\t\t\t<section class=\"elementor-element elementor-element-ec27d37 elementor-section-boxed elementor-section-height-default elementor-section-height-default elementor-section elementor-top-section\" data-id=\"ec27d37\" data-element_type=\"section\">\n\t\t\t\t\t\t<div class=\"elementor-container elementor-column-gap-default\">\n\t\t\t\t<div class=\"elementor-row\">\n\t\t\t\t<div class=\"elementor-element elementor-element-e772144 elementor-column elementor-col-33 elementor-top-column\" data-id=\"e772144\" data-element_type=\"column\">\n\t\t\t<div class=\"elementor-column-wrap  elementor-element-populated\">\n\t\t\t\t\t<div class=\"elementor-widget-wrap\">\n\t\t\t\t<div class=\"elementor-element elementor-element-22e534b elementor-widget elementor-widget-heading\" data-id=\"22e534b\" data-element_type=\"widget\" data-widget_type=\"heading.default\">\n\t\t\t\t<div class=\"elementor-widget-container\">\n\t\t\t<h2 class=\"elementor-heading-title elementor-size-default\">ECON\u00d4MICO<\/h2>\t\t<\/div>\n\t\t\t\t<\/div>\n\t\t\t\t\t\t<\/div>\n\t\t\t<\/div>\n\t\t<\/div>\n\t\t\t\t<div class=\"elementor-element elementor-element-c0bc765 elementor-column elementor-col-33 elementor-top-column\" data-id=\"c0bc765\" data-element_type=\"column\">\n\t\t\t<div class=\"elementor-column-wrap  elementor-element-populated\">\n\t\t\t\t\t<div class=\"elementor-widget-wrap\">\n\t\t\t\t<div class=\"elementor-element elementor-element-48444f0 elementor-widget elementor-widget-heading\" data-id=\"48444f0\" data-element_type=\"widget\" data-widget_type=\"heading.default\">\n\t\t\t\t<div class=\"elementor-widget-container\">\n\t\t\t<h2 class=\"elementor-heading-title elementor-size-default\">ECOL\u00d3GICO<\/h2>\t\t<\/div>\n\t\t\t\t<\/div>\n\t\t\t\t\t\t<\/div>\n\t\t\t<\/div>\n\t\t<\/div>\n\t\t\t\t<div class=\"elementor-element elementor-element-2588a54 elementor-column elementor-col-33 elementor-top-column\" data-id=\"2588a54\" data-element_type=\"column\">\n\t\t\t<div class=\"elementor-column-wrap  elementor-element-populated\">\n\t\t\t\t\t<div class=\"elementor-widget-wrap\">\n\t\t\t\t<div class=\"elementor-element elementor-element-42355f2 elementor-widget elementor-widget-heading\" data-id=\"42355f2\" data-element_type=\"widget\" data-widget_type=\"heading.default\">\n\t\t\t\t<div class=\"elementor-widget-container\">\n\t\t\t<h2 class=\"elementor-heading-title elementor-size-default\">INOVADOR<\/h2>\t\t<\/div>\n\t\t\t\t<\/div>\n\t\t\t\t\t\t<\/div>\n\t\t\t<\/div>\n\t\t<\/div>\n\t\t\t\t\t\t<\/div>\n\t\t\t<\/div>\n\t\t<\/section>\n\t\t\t\t\t\t<\/div>\n\t\t\t<\/div>\n\t\t<\/div>\n\t\t","protected":false},"excerpt":{"rendered":"<p>Energia Solar Com a instala\u00e7\u00e3o de pain\u00e9is para a capta\u00e7\u00e3o de energia solar, voc\u00ea economiza e contribui com o meio ambiente, investe na sua casa e consegue retorno do investimento no curto e longo prazo. Como trabalhamos: Primeiro fazemos uma consultoria para entender sua situa\u00e7\u00e3o e qual a melhor solu\u00e7\u00e3o para voc\u00ea. Elaboramos uma proposta &#8230; <a title=\"ENERGIA SOLAR\" class=\"read-more\" href=\"https:\/\/multifacilservicos.com.br\/?page_id=13405\">Ler mais&#8230;<\/a><\/p>\n","protected":false},"author":1,"featured_media":0,"parent":0,"menu_order":0,"comment_status":"closed","ping_status":"closed","template":"elementor_header_footer","meta":{"_joinchat":[],"footnotes":""},"class_list":["post-13405","page","type-page","status-publish"],"_links":{"self":[{"href":"https:\/\/multifacilservicos.com.br\/index.php?rest_route=\/wp\/v2\/pages\/13405","targetHints":{"allow":["GET"]}}],"collection":[{"href":"https:\/\/multifacilservicos.com.br\/index.php?rest_route=\/wp\/v2\/pages"}],"about":[{"href":"https:\/\/multifacilservicos.com.br\/index.php?rest_route=\/wp\/v2\/types\/page"}],"author":[{"embeddable":true,"href":"https:\/\/multifacilservicos.com.br\/index.php?rest_route=\/wp\/v2\/users\/1"}],"replies":[{"embeddable":true,"href":"https:\/\/multifacilservicos.com.br\/index.php?rest_route=%2Fwp%2Fv2%2Fcomments&post=13405"}],"version-history":[{"count":4,"href":"https:\/\/multifacilservicos.com.br\/index.php?rest_route=\/wp\/v2\/pages\/13405\/revisions"}],"predecessor-version":[{"id":13452,"href":"https:\/\/multifacilservicos.com.br\/index.php?rest_route=\/wp\/v2\/pages\/13405\/revisions\/13452"}],"wp:attachment":[{"href":"https:\/\/multifacilservicos.com.br\/index.php?rest_route=%2Fwp%2Fv2%2Fmedia&parent=13405"}],"curies":[{"name":"wp","href":"https:\/\/api.w.org\/{rel}","templated":true}]}}