{"id":13395,"date":"2020-06-07T21:45:01","date_gmt":"2020-06-08T00:45:01","guid":{"rendered":"http:\/\/multifacilservicos.com.br\/?page_id=13395"},"modified":"2025-09-15T22:11:18","modified_gmt":"2025-09-16T01:11:18","slug":"seguranca-eletronica-2","status":"publish","type":"page","link":"https:\/\/multifacilservicos.com.br\/?page_id=13395","title":{"rendered":"SEGURAN\u00c7A ELETR\u00d4NICA"},"content":{"rendered":"\t\t<div data-elementor-type=\"wp-page\" data-elementor-id=\"13395\" class=\"elementor elementor-13395\" data-elementor-settings=\"[]\">\n\t\t\t<div class=\"elementor-inner\">\n\t\t\t\t<div class=\"elementor-section-wrap\">\n\t\t\t\t\t\t\t<section class=\"elementor-element elementor-element-51fceaf elementor-section-boxed elementor-section-height-default elementor-section-height-default elementor-section elementor-top-section\" data-id=\"51fceaf\" data-element_type=\"section\">\n\t\t\t\t\t\t<div class=\"elementor-container elementor-column-gap-default\">\n\t\t\t\t<div class=\"elementor-row\">\n\t\t\t\t<div class=\"elementor-element elementor-element-9748261 elementor-column elementor-col-50 elementor-top-column\" data-id=\"9748261\" data-element_type=\"column\">\n\t\t\t<div class=\"elementor-column-wrap  elementor-element-populated\">\n\t\t\t\t\t<div class=\"elementor-widget-wrap\">\n\t\t\t\t<div class=\"elementor-element elementor-element-23dd371 elementor-widget elementor-widget-heading\" data-id=\"23dd371\" data-element_type=\"widget\" data-widget_type=\"heading.default\">\n\t\t\t\t<div class=\"elementor-widget-container\">\n\t\t\t<h1 class=\"elementor-heading-title elementor-size-default\">Seguran\u00e7a Eletr\u00f4nica<\/h1>\t\t<\/div>\n\t\t\t\t<\/div>\n\t\t\t\t<div class=\"elementor-element elementor-element-551f7a7 elementor-widget elementor-widget-image\" data-id=\"551f7a7\" data-element_type=\"widget\" data-widget_type=\"image.default\">\n\t\t\t\t<div class=\"elementor-widget-container\">\n\t\t\t\t\t<div class=\"elementor-image\">\n\t\t\t\t\t\t\t\t\t\t<img loading=\"lazy\" decoding=\"async\" width=\"300\" height=\"199\" src=\"https:\/\/multifacilservicos.com.br\/wp-content\/uploads\/2019\/07\/CFTV-300x199.png\" class=\"attachment-medium size-medium\" alt=\"\" srcset=\"https:\/\/multifacilservicos.com.br\/wp-content\/uploads\/2019\/07\/CFTV-300x199.png 300w, https:\/\/multifacilservicos.com.br\/wp-content\/uploads\/2019\/07\/CFTV-768x510.png 768w, https:\/\/multifacilservicos.com.br\/wp-content\/uploads\/2019\/07\/CFTV-1024x680.png 1024w, https:\/\/multifacilservicos.com.br\/wp-content\/uploads\/2019\/07\/CFTV-200x133.png 200w, https:\/\/multifacilservicos.com.br\/wp-content\/uploads\/2019\/07\/CFTV-400x266.png 400w, https:\/\/multifacilservicos.com.br\/wp-content\/uploads\/2019\/07\/CFTV-600x399.png 600w, https:\/\/multifacilservicos.com.br\/wp-content\/uploads\/2019\/07\/CFTV-800x532.png 800w, https:\/\/multifacilservicos.com.br\/wp-content\/uploads\/2019\/07\/CFTV-1200x797.png 1200w, https:\/\/multifacilservicos.com.br\/wp-content\/uploads\/2019\/07\/CFTV.png 1863w\" sizes=\"auto, (max-width: 300px) 100vw, 300px\" \/>\t\t\t\t\t\t\t\t\t\t\t<\/div>\n\t\t\t\t<\/div>\n\t\t\t\t<\/div>\n\t\t\t\t\t\t<\/div>\n\t\t\t<\/div>\n\t\t<\/div>\n\t\t\t\t<div class=\"elementor-element elementor-element-e3073f4 elementor-column elementor-col-50 elementor-top-column\" data-id=\"e3073f4\" data-element_type=\"column\">\n\t\t\t<div class=\"elementor-column-wrap  elementor-element-populated\">\n\t\t\t\t\t<div class=\"elementor-widget-wrap\">\n\t\t\t\t<div class=\"elementor-element elementor-element-e7ad7b4 elementor-widget elementor-widget-text-editor\" data-id=\"e7ad7b4\" data-element_type=\"widget\" data-widget_type=\"text-editor.default\">\n\t\t\t\t<div class=\"elementor-widget-container\">\n\t\t\t\t\t<div class=\"elementor-text-editor elementor-clearfix\"><p><span style=\"color: #000000;\">A seguran\u00e7a \u00e9 um fator crucial para a seguran\u00e7a e bem estar residencial e industrial. Uma das melhores de ficar seguro \u00e9 poder ver tudo o que acontece, se mantendo alerto com as c\u00e2meras de seguran\u00e7a, ou at\u00e9 abrindo o port\u00e3o de dentro do carro, evitando exposi\u00e7\u00e3o com os port\u00f5es eletr\u00f4nicos.<\/span><\/p><\/div>\n\t\t\t\t<\/div>\n\t\t\t\t<\/div>\n\t\t\t\t\t\t<\/div>\n\t\t\t<\/div>\n\t\t<\/div>\n\t\t\t\t\t\t<\/div>\n\t\t\t<\/div>\n\t\t<\/section>\n\t\t\t\t<section class=\"elementor-element elementor-element-433c71f elementor-section-boxed elementor-section-height-default elementor-section-height-default elementor-section elementor-top-section\" data-id=\"433c71f\" data-element_type=\"section\">\n\t\t\t\t\t\t<div class=\"elementor-container elementor-column-gap-default\">\n\t\t\t\t<div class=\"elementor-row\">\n\t\t\t\t<div class=\"elementor-element elementor-element-4a93d6d elementor-column elementor-col-100 elementor-top-column\" data-id=\"4a93d6d\" data-element_type=\"column\">\n\t\t\t<div class=\"elementor-column-wrap  elementor-element-populated\">\n\t\t\t\t\t<div class=\"elementor-widget-wrap\">\n\t\t\t\t<div class=\"elementor-element elementor-element-7c630df elementor-widget elementor-widget-heading\" data-id=\"7c630df\" data-element_type=\"widget\" data-widget_type=\"heading.default\">\n\t\t\t\t<div class=\"elementor-widget-container\">\n\t\t\t<h2 class=\"elementor-heading-title elementor-size-default\">VEJA COMO ISSO PODE TE AJUDAR:<\/h2>\t\t<\/div>\n\t\t\t\t<\/div>\n\t\t\t\t\t\t<\/div>\n\t\t\t<\/div>\n\t\t<\/div>\n\t\t\t\t\t\t<\/div>\n\t\t\t<\/div>\n\t\t<\/section>\n\t\t\t\t<section class=\"elementor-element elementor-element-ec27d37 elementor-section-boxed elementor-section-height-default elementor-section-height-default elementor-section elementor-top-section\" data-id=\"ec27d37\" data-element_type=\"section\">\n\t\t\t\t\t\t<div class=\"elementor-container elementor-column-gap-default\">\n\t\t\t\t<div class=\"elementor-row\">\n\t\t\t\t<div class=\"elementor-element elementor-element-e772144 elementor-column elementor-col-50 elementor-top-column\" data-id=\"e772144\" data-element_type=\"column\">\n\t\t\t<div class=\"elementor-column-wrap  elementor-element-populated\">\n\t\t\t\t\t<div class=\"elementor-widget-wrap\">\n\t\t\t\t<div class=\"elementor-element elementor-element-22e534b elementor-widget elementor-widget-heading\" data-id=\"22e534b\" data-element_type=\"widget\" data-widget_type=\"heading.default\">\n\t\t\t\t<div class=\"elementor-widget-container\">\n\t\t\t<h2 class=\"elementor-heading-title elementor-size-default\">Saiba tudo o que acontece<\/h2>\t\t<\/div>\n\t\t\t\t<\/div>\n\t\t\t\t<div class=\"elementor-element elementor-element-8272aab elementor-widget elementor-widget-text-editor\" data-id=\"8272aab\" data-element_type=\"widget\" data-widget_type=\"text-editor.default\">\n\t\t\t\t<div class=\"elementor-widget-container\">\n\t\t\t\t\t<div class=\"elementor-text-editor elementor-clearfix\"><p style=\"text-align: center;\"><span style=\"color: #000000;\">Com uma c\u00e2mera de vigil\u00e2ncia voc\u00ea pode ver quem saiu ou entro na sua casa e o que fez por l\u00e1. Tenha as imagens gravadas e observe tudo \u00e0 dist\u00e2ncia.<\/span><\/p><\/div>\n\t\t\t\t<\/div>\n\t\t\t\t<\/div>\n\t\t\t\t\t\t<\/div>\n\t\t\t<\/div>\n\t\t<\/div>\n\t\t\t\t<div class=\"elementor-element elementor-element-b5ce995 elementor-column elementor-col-50 elementor-top-column\" data-id=\"b5ce995\" data-element_type=\"column\">\n\t\t\t<div class=\"elementor-column-wrap  elementor-element-populated\">\n\t\t\t\t\t<div class=\"elementor-widget-wrap\">\n\t\t\t\t<div class=\"elementor-element elementor-element-9e18982 elementor-widget elementor-widget-heading\" data-id=\"9e18982\" data-element_type=\"widget\" data-widget_type=\"heading.default\">\n\t\t\t\t<div class=\"elementor-widget-container\">\n\t\t\t<h2 class=\"elementor-heading-title elementor-size-default\">Intimida a a\u00e7\u00e3o de criminosos<\/h2>\t\t<\/div>\n\t\t\t\t<\/div>\n\t\t\t\t<div class=\"elementor-element elementor-element-2b6f4a0 elementor-widget elementor-widget-text-editor\" data-id=\"2b6f4a0\" data-element_type=\"widget\" data-widget_type=\"text-editor.default\">\n\t\t\t\t<div class=\"elementor-widget-container\">\n\t\t\t\t\t<div class=\"elementor-text-editor elementor-clearfix\"><p style=\"text-align: center;\"><span style=\"color: #000000;\">Assim como c\u00e3es, alarmes e seguran\u00e7as, as c\u00e2meras tamb\u00e9m intimidam a a\u00e7\u00e3o de criminosos, a possibilidade de ser gravado e posteriormente reconhecido faz com que o criminoso pense antes de qualquer coisa.<\/span><\/p><\/div>\n\t\t\t\t<\/div>\n\t\t\t\t<\/div>\n\t\t\t\t\t\t<\/div>\n\t\t\t<\/div>\n\t\t<\/div>\n\t\t\t\t\t\t<\/div>\n\t\t\t<\/div>\n\t\t<\/section>\n\t\t\t\t<section class=\"elementor-element elementor-element-3e7f197 elementor-section-boxed elementor-section-height-default elementor-section-height-default elementor-section elementor-top-section\" data-id=\"3e7f197\" data-element_type=\"section\">\n\t\t\t\t\t\t<div class=\"elementor-container elementor-column-gap-default\">\n\t\t\t\t<div class=\"elementor-row\">\n\t\t\t\t<div class=\"elementor-element elementor-element-cb3910b elementor-column elementor-col-50 elementor-top-column\" data-id=\"cb3910b\" data-element_type=\"column\">\n\t\t\t<div class=\"elementor-column-wrap  elementor-element-populated\">\n\t\t\t\t\t<div class=\"elementor-widget-wrap\">\n\t\t\t\t<div class=\"elementor-element elementor-element-7401550 elementor-widget elementor-widget-heading\" data-id=\"7401550\" data-element_type=\"widget\" data-widget_type=\"heading.default\">\n\t\t\t\t<div class=\"elementor-widget-container\">\n\t\t\t<h2 class=\"elementor-heading-title elementor-size-default\">A seguran\u00e7a \u00e9 sua prioridade<\/h2>\t\t<\/div>\n\t\t\t\t<\/div>\n\t\t\t\t<div class=\"elementor-element elementor-element-9eb77c4 elementor-widget elementor-widget-text-editor\" data-id=\"9eb77c4\" data-element_type=\"widget\" data-widget_type=\"text-editor.default\">\n\t\t\t\t<div class=\"elementor-widget-container\">\n\t\t\t\t\t<div class=\"elementor-text-editor elementor-clearfix\"><p style=\"text-align: center;\"><span style=\"color: #000000;\">Sua casa deve ser o local onde voc\u00ea e sua fam\u00edlia se sintam seguros. Com um equipamento de seguran\u00e7a o bem estar reina no ambiente.<\/span><\/p><\/div>\n\t\t\t\t<\/div>\n\t\t\t\t<\/div>\n\t\t\t\t\t\t<\/div>\n\t\t\t<\/div>\n\t\t<\/div>\n\t\t\t\t<div class=\"elementor-element elementor-element-84897cd elementor-column elementor-col-50 elementor-top-column\" data-id=\"84897cd\" data-element_type=\"column\">\n\t\t\t<div class=\"elementor-column-wrap  elementor-element-populated\">\n\t\t\t\t\t<div class=\"elementor-widget-wrap\">\n\t\t\t\t<div class=\"elementor-element elementor-element-6068ccf elementor-widget elementor-widget-heading\" data-id=\"6068ccf\" data-element_type=\"widget\" data-widget_type=\"heading.default\">\n\t\t\t\t<div class=\"elementor-widget-container\">\n\t\t\t<h2 class=\"elementor-heading-title elementor-size-default\">Ajuda a monitorar rotinas<\/h2>\t\t<\/div>\n\t\t\t\t<\/div>\n\t\t\t\t<div class=\"elementor-element elementor-element-d4e72a6 elementor-widget elementor-widget-text-editor\" data-id=\"d4e72a6\" data-element_type=\"widget\" data-widget_type=\"text-editor.default\">\n\t\t\t\t<div class=\"elementor-widget-container\">\n\t\t\t\t\t<div class=\"elementor-text-editor elementor-clearfix\"><p style=\"text-align: center;\"><span style=\"color: #000000;\">Com uma c\u00e2mera de vigil\u00e2ncia voc\u00ea pode ver quem saiu ou entro na sua casa e o que fez por l\u00e1. Tenha as imagens gravadas e observe tudo \u00e0 dist\u00e2ncia.<\/span><\/p><\/div>\n\t\t\t\t<\/div>\n\t\t\t\t<\/div>\n\t\t\t\t\t\t<\/div>\n\t\t\t<\/div>\n\t\t<\/div>\n\t\t\t\t\t\t<\/div>\n\t\t\t<\/div>\n\t\t<\/section>\n\t\t\t\t\t\t<\/div>\n\t\t\t<\/div>\n\t\t<\/div>\n\t\t","protected":false},"excerpt":{"rendered":"<p>Seguran\u00e7a Eletr\u00f4nica A seguran\u00e7a \u00e9 um fator crucial para a seguran\u00e7a e bem estar residencial e industrial. Uma das melhores de ficar seguro \u00e9 poder ver tudo o que acontece, se mantendo alerto com as c\u00e2meras de seguran\u00e7a, ou at\u00e9 abrindo o port\u00e3o de dentro do carro, evitando exposi\u00e7\u00e3o com os port\u00f5es eletr\u00f4nicos. VEJA COMO &#8230; <a title=\"SEGURAN\u00c7A ELETR\u00d4NICA\" class=\"read-more\" href=\"https:\/\/multifacilservicos.com.br\/?page_id=13395\">Ler mais&#8230;<\/a><\/p>\n","protected":false},"author":1,"featured_media":0,"parent":0,"menu_order":0,"comment_status":"closed","ping_status":"closed","template":"elementor_header_footer","meta":{"_joinchat":[],"footnotes":""},"class_list":["post-13395","page","type-page","status-publish"],"_links":{"self":[{"href":"https:\/\/multifacilservicos.com.br\/index.php?rest_route=\/wp\/v2\/pages\/13395","targetHints":{"allow":["GET"]}}],"collection":[{"href":"https:\/\/multifacilservicos.com.br\/index.php?rest_route=\/wp\/v2\/pages"}],"about":[{"href":"https:\/\/multifacilservicos.com.br\/index.php?rest_route=\/wp\/v2\/types\/page"}],"author":[{"embeddable":true,"href":"https:\/\/multifacilservicos.com.br\/index.php?rest_route=\/wp\/v2\/users\/1"}],"replies":[{"embeddable":true,"href":"https:\/\/multifacilservicos.com.br\/index.php?rest_route=%2Fwp%2Fv2%2Fcomments&post=13395"}],"version-history":[{"count":4,"href":"https:\/\/multifacilservicos.com.br\/index.php?rest_route=\/wp\/v2\/pages\/13395\/revisions"}],"predecessor-version":[{"id":13426,"href":"https:\/\/multifacilservicos.com.br\/index.php?rest_route=\/wp\/v2\/pages\/13395\/revisions\/13426"}],"wp:attachment":[{"href":"https:\/\/multifacilservicos.com.br\/index.php?rest_route=%2Fwp%2Fv2%2Fmedia&parent=13395"}],"curies":[{"name":"wp","href":"https:\/\/api.w.org\/{rel}","templated":true}]}}